{"id":431,"date":"2025-08-10T01:56:04","date_gmt":"2025-08-09T22:56:04","guid":{"rendered":"https:\/\/kazaliaracsatim.com.tr\/?page_id=431"},"modified":"2025-09-09T22:01:09","modified_gmt":"2025-09-09T19:01:09","slug":"hakkimizda","status":"publish","type":"page","link":"https:\/\/kazaliaracsatim.com.tr\/de\/hakkimizda\/","title":{"rendered":"\u00dcber uns"},"content":{"rendered":"<div data-elementor-type=\"wp-page\" data-elementor-id=\"431\" class=\"elementor elementor-431\">\n\t\t\t\t<div class=\"elementor-element elementor-element-b11bf9e e-flex e-con-boxed e-con e-parent\" data-id=\"b11bf9e\" data-element_type=\"container\" data-settings=\"{&quot;background_background&quot;:&quot;classic&quot;,&quot;jet_parallax_layout_list&quot;:[]}\">\n\t\t\t\t\t<div class=\"e-con-inner\">\n\t\t<div class=\"elementor-element elementor-element-58e35d7 e-con-full e-flex e-con e-child\" data-id=\"58e35d7\" data-element_type=\"container\" data-settings=\"{&quot;jet_parallax_layout_list&quot;:[]}\">\n\t\t\t\t<div class=\"elementor-element elementor-element-a1c2924 elementor-widget elementor-widget-heading\" data-id=\"a1c2924\" data-element_type=\"widget\" data-widget_type=\"heading.default\">\n\t\t\t\t\t<h2 class=\"elementor-heading-title elementor-size-default\">\u00dcber uns<\/h2>\t\t\t\t<\/div>\n\t\t\t\t<\/div>\n\t\t\t\t\t<\/div>\n\t\t\t\t<\/div>\n\t\t<div class=\"elementor-element elementor-element-676695f e-flex e-con-boxed elementor-invisible e-con e-parent\" data-id=\"676695f\" data-element_type=\"container\" data-settings=\"{&quot;jet_parallax_layout_list&quot;:[],&quot;animation&quot;:&quot;fadeInUp&quot;}\">\n\t\t\t\t\t<div class=\"e-con-inner\">\n\t\t<div class=\"elementor-element elementor-element-37c8d29 e-con-full e-flex e-con e-child\" data-id=\"37c8d29\" data-element_type=\"container\" data-settings=\"{&quot;jet_parallax_layout_list&quot;:[]}\">\n\t\t\t\t<div class=\"elementor-element elementor-element-1432528 elementor-widget elementor-widget-heading\" data-id=\"1432528\" data-element_type=\"widget\" data-widget_type=\"heading.default\">\n\t\t\t\t\t<h2 class=\"elementor-heading-title elementor-size-default\">\u00dcber uns<\/h2>\t\t\t\t<\/div>\n\t\t\t\t<div class=\"elementor-element elementor-element-a787490 elementor-widget elementor-widget-text-editor\" data-id=\"a787490\" data-element_type=\"widget\" data-widget_type=\"text-editor.default\">\n\t\t\t\t\t\t\t\t\t<p data-start=\"259\" data-end=\"617\"><strong data-start=\"259\" data-end=\"319\">An- und Verkauf von Fahrzeugen mit besch\u00e4digter oder unfallbedingter Zulassung<\/strong> Wir bieten zuverl\u00e4ssige, transparente und schnelle L\u00f6sungen. In unserem Portfolio <strong data-start=\"381\" data-end=\"397\">Pert-Bericht<\/strong>, <strong data-start=\"399\" data-end=\"418\">Versicherungsausschreibung<\/strong>, <strong data-start=\"420\" data-end=\"437\">Motor defekt<\/strong> Und <strong data-start=\"441\" data-end=\"458\">repariert<\/strong> Es gibt Autos und Nutzfahrzeuge. Unser Ziel ist es, genaue Informationen bereitzustellen, <strong data-start=\"519\" data-end=\"539\">Gutachten<\/strong> und eine klare Preisgestaltung, damit Sie schnellstm\u00f6glich das Fahrzeug finden, das zu Ihrem Budget passt.<\/p><p data-start=\"619\" data-end=\"1036\">Seit Jahren in diesem Sektor <strong data-start=\"641\" data-end=\"663\">transparente Schadenserfassung<\/strong> Und <strong data-start=\"667\" data-end=\"691\">ehrliche Informationen<\/strong> Wir arbeiten nach dem Prinzip der \u201eReparatur\u201c. In unseren Angeboten informieren wir Sie klar und deutlich \u00fcber besch\u00e4digte Artikel, Reparaturprozesse und ausgetauschte Teile. Unser Expertenteam beantwortet Ihre Fragen vor dem Kauf. Auf diese Weise <strong data-start=\"886\" data-end=\"909\">Pert Fahrzeugpreise<\/strong>, <strong data-start=\"911\" data-end=\"941\">Fahrzeuge mit schweren Sch\u00e4den<\/strong> Und <strong data-start=\"945\" data-end=\"971\">Unfallfahrzeug An- und Verkauf<\/strong> Bei Ihrer Suche k\u00f6nnen Sie die richtige Entscheidung treffen, indem Sie die Risiken minimieren.<\/p>\t\t\t\t\t\t\t\t<\/div>\n\t\t\t\t<\/div>\n\t\t<div class=\"elementor-element elementor-element-330a2ee e-con-full e-flex e-con e-child\" data-id=\"330a2ee\" data-element_type=\"container\" data-settings=\"{&quot;jet_parallax_layout_list&quot;:[]}\">\n\t\t\t\t<div class=\"elementor-element elementor-element-3681630 elementor-widget elementor-widget-image\" data-id=\"3681630\" data-element_type=\"widget\" data-widget_type=\"image.default\">\n\t\t\t\t\t\t\t\t\t\t\t\t\t\t\t<img fetchpriority=\"high\" decoding=\"async\" width=\"765\" height=\"535\" src=\"https:\/\/kazaliaracsatim.com.tr\/wp-content\/uploads\/2025\/09\/1-1.png\" class=\"attachment-large size-large wp-image-646\" alt=\"\" srcset=\"https:\/\/kazaliaracsatim.com.tr\/wp-content\/uploads\/2025\/09\/1-1.png 765w, https:\/\/kazaliaracsatim.com.tr\/wp-content\/uploads\/2025\/09\/1-1-300x210.png 300w, https:\/\/kazaliaracsatim.com.tr\/wp-content\/uploads\/2025\/09\/1-1-18x12.png 18w\" sizes=\"(max-width: 765px) 100vw, 765px\" \/>\t\t\t\t\t\t\t\t\t\t\t\t\t\t\t<\/div>\n\t\t\t\t<\/div>\n\t\t\t\t\t<\/div>\n\t\t\t\t<\/div>\n\t\t<div class=\"elementor-element elementor-element-bd77be3 e-flex e-con-boxed elementor-invisible e-con e-parent\" data-id=\"bd77be3\" data-element_type=\"container\" data-settings=\"{&quot;background_background&quot;:&quot;classic&quot;,&quot;jet_parallax_layout_list&quot;:[],&quot;animation&quot;:&quot;fadeInUp&quot;}\">\n\t\t\t\t\t<div class=\"e-con-inner\">\n\t\t<div class=\"elementor-element elementor-element-76513e5 e-con-full e-flex e-con e-child\" data-id=\"76513e5\" data-element_type=\"container\" data-settings=\"{&quot;jet_parallax_layout_list&quot;:[]}\">\n\t\t\t\t<div class=\"elementor-element elementor-element-3c9f1de elementor-widget elementor-widget-heading\" data-id=\"3c9f1de\" data-element_type=\"widget\" data-widget_type=\"heading.default\">\n\t\t\t\t\t<h2 class=\"elementor-heading-title elementor-size-default\">Unsere Mission<\/h2>\t\t\t\t<\/div>\n\t\t\t\t<div class=\"elementor-element elementor-element-19262aa elementor-widget elementor-widget-text-editor\" data-id=\"19262aa\" data-element_type=\"widget\" data-widget_type=\"text-editor.default\">\n\t\t\t\t\t\t\t\t\t<p data-start=\"162\" data-end=\"858\">F\u00fcr Fahrzeuge mit schweren Sch\u00e4den oder Unf\u00e4llen, die als Unfallwagen registriert sind <strong data-start=\"209\" data-end=\"231\">transparente Schadenserfassung<\/strong>, <strong data-start=\"233\" data-end=\"260\">Aktueller Expertenbericht<\/strong> Und <strong data-start=\"264\" data-end=\"286\">faire Preise<\/strong> ile g\u00fcvenilir bir al\u0131m sat\u0131m deneyimi sunmak bizim i\u00e7in esast\u0131r. Portf\u00f6y\u00fcm\u00fczde <strong data-start=\"366\" data-end=\"385\">Versicherungsausschreibung<\/strong>, <strong data-start=\"387\" data-end=\"404\">Motor defekt<\/strong> ve onar\u0131m g\u00f6rm\u00fc\u015f ara\u00e7lar\u0131 titizlikle se\u00e7er; ilan\u2013ekspertiz tutarl\u0131l\u0131\u011f\u0131n\u0131 koruruz. M\u00fc\u015fterilerimize se\u00e7imden <strong data-start=\"512\" data-end=\"529\">notarielle \u00dcbertragung<\/strong>, \u00f6demeden <strong data-start=\"540\" data-end=\"574\">Lieferung\/Abschleppen in der gesamten T\u00fcrkei<\/strong> organizasyonuna kadar u\u00e7tan uca destek verir, riskleri minimize eden s\u00fcre\u00e7ler tasarlar\u0131z. Hedefimiz; <strong data-start=\"676\" data-end=\"699\">Pert Fahrzeugpreise<\/strong>, <strong data-start=\"701\" data-end=\"733\">An- und Verkauf von stark besch\u00e4digten Fahrzeugen<\/strong> Und <strong data-start=\"737\" data-end=\"752\">verungl\u00fccktes Fahrzeug<\/strong> aramalar\u0131nda g\u00fcven veren marka olmak ve her b\u00fct\u00e7eye uygun, kay\u0131tlar\u0131 a\u00e7\u0131k ara\u00e7lar\u0131 h\u0131zl\u0131ca ula\u015ft\u0131rmakt\u0131r.<\/p>\t\t\t\t\t\t\t\t<\/div>\n\t\t\t\t<\/div>\n\t\t<div class=\"elementor-element elementor-element-55dc914 e-con-full e-flex e-con e-child\" data-id=\"55dc914\" data-element_type=\"container\" data-settings=\"{&quot;jet_parallax_layout_list&quot;:[]}\">\n\t\t\t\t<div class=\"elementor-element elementor-element-fd6db5a elementor-widget elementor-widget-heading\" data-id=\"fd6db5a\" data-element_type=\"widget\" data-widget_type=\"heading.default\">\n\t\t\t\t\t<h2 class=\"elementor-heading-title elementor-size-default\">Unsere Vision<\/h2>\t\t\t\t<\/div>\n\t\t\t\t<div class=\"elementor-element elementor-element-7c168ba elementor-widget elementor-widget-text-editor\" data-id=\"7c168ba\" data-element_type=\"widget\" data-widget_type=\"text-editor.default\">\n\t\t\t\t\t\t\t\t\t<p data-start=\"873\" data-end=\"1546\">Pert, a\u011f\u0131r hasarl\u0131 ve <strong data-start=\"895\" data-end=\"922\">Versicherungstenderfahrzeuge<\/strong> pazar\u0131nda etik standartlar\u0131 y\u00fckselten, veri odakl\u0131 ve m\u00fc\u015fteri deneyimini \u00f6nceleyen lider platform olmak istiyoruz. <strong data-start=\"1038\" data-end=\"1076\">Ekspertiz, onar\u0131m plan\u0131 ve maliyet<\/strong> \u015feffafl\u0131\u011f\u0131 ile sekt\u00f6rde kar\u015f\u0131la\u015ft\u0131r\u0131labilir \u00f6l\u00e7\u00fctler yarat\u0131rken; teknolojik altyap\u0131m\u0131zla ilan\u2013de\u011ferleme s\u00fcre\u00e7lerini h\u0131zland\u0131r\u0131yoruz. Ama\u00e7; <strong data-start=\"1216\" data-end=\"1242\">Unfallfahrzeug An- und Verkauf<\/strong>, <strong data-start=\"1244\" data-end=\"1266\">Pert Fahrzeuganzeigen<\/strong> Und <strong data-start=\"1270\" data-end=\"1295\">Fahrzeuge aus Perth<\/strong> gibi anahtar kelimelerde kullan\u0131c\u0131lar\u0131n ilk tercihi olmak. Yenilik\u00e7i i\u00e7erik, g\u00fcvenli \u00f6deme ve <strong data-start=\"1390\" data-end=\"1408\">noter\/lojistik<\/strong> entegrasyonuyla i\u015f y\u00fck\u00fcn\u00fc azalt\u0131p, sat\u0131n alma karar\u0131n\u0131 kolayla\u015ft\u0131ran, s\u00fcrd\u00fcr\u00fclebilir ve herkes i\u00e7in ula\u015f\u0131labilir bir ekosistem kurmakt\u0131r.<\/p>\t\t\t\t\t\t\t\t<\/div>\n\t\t\t\t<\/div>\n\t\t<div class=\"elementor-element elementor-element-362a752 e-con-full e-flex e-con e-child\" data-id=\"362a752\" data-element_type=\"container\" data-settings=\"{&quot;jet_parallax_layout_list&quot;:[]}\">\n\t\t\t\t<div class=\"elementor-element elementor-element-53a4b91 elementor-widget elementor-widget-heading\" data-id=\"53a4b91\" data-element_type=\"widget\" data-widget_type=\"heading.default\">\n\t\t\t\t\t<h2 class=\"elementor-heading-title elementor-size-default\">Unsere Werte<\/h2>\t\t\t\t<\/div>\n\t\t\t\t<div class=\"elementor-element elementor-element-1e641ef elementor-widget elementor-widget-text-editor\" data-id=\"1e641ef\" data-element_type=\"widget\" data-widget_type=\"text-editor.default\">\n\t\t\t\t\t\t\t\t\t<p><strong data-start=\"1563\" data-end=\"1600\">\u015eeffafl\u0131k, g\u00fcven, h\u0131z ve uzmanl\u0131k<\/strong> \u00fczerine kurulu \u00e7al\u0131\u015fma k\u00fclt\u00fcr\u00fcm\u00fcz; <strong data-start=\"1636\" data-end=\"1651\">fachbericht<\/strong>, hasar kalemleri ve de\u011fi\u015fen par\u00e7a bilgisini net \u015fekilde sunmam\u0131z\u0131 sa\u011flar. \u0130lan\u2013ekspertiz tutarl\u0131l\u0131\u011f\u0131na ba\u011fl\u0131 kal\u0131r; <strong data-start=\"1768\" data-end=\"1782\">fairer Preis<\/strong> Und <strong data-start=\"1786\" data-end=\"1809\">m\u00fc\u015fteri memnuniyeti<\/strong> odakl\u0131 ilerleriz. Her i\u015flemde <strong data-start=\"1840\" data-end=\"1859\">hukuka uygunluk<\/strong>, d\u00fczg\u00fcn dok\u00fcmantasyon ve gizlilik esast\u0131r. <strong data-start=\"1903\" data-end=\"1918\">Projektfahrzeug<\/strong> arayanlar i\u00e7in onar\u0131m yol haritas\u0131 ve par\u00e7a tedarik \u00f6nerileriyle ger\u00e7ek\u00e7i maliyetler payla\u015f\u0131r\u0131z. Se\u00e7imden <strong data-start=\"2025\" data-end=\"2040\" data-is-only-node=\"\">notarielle \u00dcbertragung<\/strong> Und <strong data-start=\"2044\" data-end=\"2071\">T\u00fcrkiye geneli teslimat<\/strong> ad\u0131mlar\u0131na kadar u\u00e7tan uca destek sunarak <strong data-start=\"2114\" data-end=\"2127\">zerst\u00f6rtes Fahrzeug<\/strong>, <strong data-start=\"2129\" data-end=\"2150\">stark besch\u00e4digtes Fahrzeug<\/strong> Und <strong data-start=\"2154\" data-end=\"2169\">verungl\u00fccktes Fahrzeug<\/strong> s\u00fcre\u00e7lerini g\u00fcvenle y\u00f6netiriz.<\/p>\t\t\t\t\t\t\t\t<\/div>\n\t\t\t\t<\/div>\n\t\t\t\t\t<\/div>\n\t\t\t\t<\/div>\n\t\t\t\t<\/div>","protected":false},"excerpt":{"rendered":"<p>Hakk\u0131m\u0131zda Hakk\u0131m\u0131zda Pert kay\u0131tl\u0131, a\u011f\u0131r hasarl\u0131 ve kazal\u0131 ara\u00e7 al\u0131m sat\u0131m\u0131nda g\u00fcvenilir, \u015feffaf ve h\u0131zl\u0131 \u00e7\u00f6z\u00fcmler sunuyoruz. Portf\u00f6y\u00fcm\u00fczde pert raporlu, sigorta ihaleli, motor ar\u0131zal\u0131 ve onar\u0131m g\u00f6rm\u00fc\u015f otomobil ile ticari ara\u00e7lar bulunur. Amac\u0131m\u0131z; do\u011fru bilgi, ekspertiz raporu ve net fiyatland\u0131rma ile b\u00fct\u00e7ene uygun arac\u0131 en k\u0131sa s\u00fcrede bulman\u0131 sa\u011flamak. Y\u0131llard\u0131r bu sekt\u00f6rde \u015feffaf hasar kayd\u0131 [&hellip;]<\/p>","protected":false},"author":1,"featured_media":634,"parent":0,"menu_order":0,"comment_status":"closed","ping_status":"closed","template":"elementor_header_footer","meta":{"_acf_changed":false,"footnotes":""},"class_list":["post-431","page","type-page","status-publish","has-post-thumbnail","hentry"],"acf":[],"yoast_head":"<!-- This site is optimized with the Yoast SEO plugin v25.6 - https:\/\/yoast.com\/wordpress\/plugins\/seo\/ -->\n<title>Pert, A\u011f\u0131r Hasarl\u0131 ve Kazal\u0131 Ara\u00e7 Al\u0131m Sat\u0131m<\/title>\n<meta name=\"description\" content=\"Pert, a\u011f\u0131r hasarl\u0131, kazal\u0131 ve sa\u011flam ara\u00e7 al\u0131m sat\u0131m\u0131. Uzman ekspertiz, \u015feffaf fiyat ve g\u00fcvenli sat\u0131\u015f garantisiyle arac\u0131n\u0131z\u0131 h\u0131zl\u0131ca sat\u0131n veya sat\u0131n!\" \/>\n<meta name=\"robots\" content=\"index, follow, max-snippet:-1, max-image-preview:large, max-video-preview:-1\" \/>\n<link rel=\"canonical\" href=\"https:\/\/kazaliaracsatim.com.tr\/de\/hakkimizda\/\" \/>\n<meta property=\"og:locale\" content=\"de_DE\" \/>\n<meta property=\"og:type\" content=\"article\" \/>\n<meta property=\"og:title\" content=\"Pert, A\u011f\u0131r Hasarl\u0131 ve Kazal\u0131 Ara\u00e7 Al\u0131m Sat\u0131m\" \/>\n<meta property=\"og:description\" content=\"Pert, a\u011f\u0131r hasarl\u0131, kazal\u0131 ve sa\u011flam ara\u00e7 al\u0131m sat\u0131m\u0131. Uzman ekspertiz, \u015feffaf fiyat ve g\u00fcvenli sat\u0131\u015f garantisiyle arac\u0131n\u0131z\u0131 h\u0131zl\u0131ca sat\u0131n veya sat\u0131n!\" \/>\n<meta property=\"og:url\" content=\"https:\/\/kazaliaracsatim.com.tr\/de\/hakkimizda\/\" \/>\n<meta property=\"og:site_name\" content=\"Pert &amp; Hasarl\u0131 Ara\u00e7 Al\u0131m Sat\u0131m Platformu\" \/>\n<meta property=\"article:modified_time\" content=\"2025-09-09T19:01:09+00:00\" \/>\n<meta property=\"og:image\" content=\"https:\/\/kazaliaracsatim.com.tr\/wp-content\/uploads\/2025\/09\/cropped-Hasarli-Arac-Alim-Satim-favicon.png\" \/>\n\t<meta property=\"og:image:width\" content=\"512\" \/>\n\t<meta property=\"og:image:height\" content=\"512\" \/>\n\t<meta property=\"og:image:type\" content=\"image\/png\" \/>\n<meta name=\"twitter:card\" content=\"summary_large_image\" \/>\n<meta name=\"twitter:label1\" content=\"Gesch\u00e4tzte Lesezeit\" \/>\n\t<meta name=\"twitter:data1\" content=\"3\u00a0Minuten\" \/>\n<script type=\"application\/ld+json\" class=\"yoast-schema-graph\">{\"@context\":\"https:\/\/schema.org\",\"@graph\":[{\"@type\":\"WebPage\",\"@id\":\"https:\/\/kazaliaracsatim.com.tr\/hakkimizda\/\",\"url\":\"https:\/\/kazaliaracsatim.com.tr\/hakkimizda\/\",\"name\":\"Pert, A\u011f\u0131r Hasarl\u0131 ve Kazal\u0131 Ara\u00e7 Al\u0131m Sat\u0131m\",\"isPartOf\":{\"@id\":\"https:\/\/kazaliaracsatim.com.tr\/#website\"},\"primaryImageOfPage\":{\"@id\":\"https:\/\/kazaliaracsatim.com.tr\/hakkimizda\/#primaryimage\"},\"image\":{\"@id\":\"https:\/\/kazaliaracsatim.com.tr\/hakkimizda\/#primaryimage\"},\"thumbnailUrl\":\"https:\/\/kazaliaracsatim.com.tr\/wp-content\/uploads\/2025\/09\/cropped-Hasarli-Arac-Alim-Satim-favicon.png\",\"datePublished\":\"2025-08-09T22:56:04+00:00\",\"dateModified\":\"2025-09-09T19:01:09+00:00\",\"description\":\"Pert, a\u011f\u0131r hasarl\u0131, kazal\u0131 ve sa\u011flam ara\u00e7 al\u0131m sat\u0131m\u0131. Uzman ekspertiz, \u015feffaf fiyat ve g\u00fcvenli sat\u0131\u015f garantisiyle arac\u0131n\u0131z\u0131 h\u0131zl\u0131ca sat\u0131n veya sat\u0131n!\",\"breadcrumb\":{\"@id\":\"https:\/\/kazaliaracsatim.com.tr\/hakkimizda\/#breadcrumb\"},\"inLanguage\":\"de\",\"potentialAction\":[{\"@type\":\"ReadAction\",\"target\":[\"https:\/\/kazaliaracsatim.com.tr\/hakkimizda\/\"]}]},{\"@type\":\"ImageObject\",\"inLanguage\":\"de\",\"@id\":\"https:\/\/kazaliaracsatim.com.tr\/hakkimizda\/#primaryimage\",\"url\":\"https:\/\/kazaliaracsatim.com.tr\/wp-content\/uploads\/2025\/09\/cropped-Hasarli-Arac-Alim-Satim-favicon.png\",\"contentUrl\":\"https:\/\/kazaliaracsatim.com.tr\/wp-content\/uploads\/2025\/09\/cropped-Hasarli-Arac-Alim-Satim-favicon.png\",\"width\":512,\"height\":512},{\"@type\":\"BreadcrumbList\",\"@id\":\"https:\/\/kazaliaracsatim.com.tr\/hakkimizda\/#breadcrumb\",\"itemListElement\":[{\"@type\":\"ListItem\",\"position\":1,\"name\":\"Anasayfa\",\"item\":\"https:\/\/kazaliaracsatim.com.tr\/\"},{\"@type\":\"ListItem\",\"position\":2,\"name\":\"Hakk\u0131m\u0131zda\"}]},{\"@type\":\"WebSite\",\"@id\":\"https:\/\/kazaliaracsatim.com.tr\/#website\",\"url\":\"https:\/\/kazaliaracsatim.com.tr\/\",\"name\":\"Pert &amp; Hasarl\u0131 Ara\u00e7 Al\u0131m Sat\u0131m Platformu\",\"description\":\"A\u011f\u0131r hasarl\u0131 ara\u00e7 al\u0131m sat\u0131m\u0131nda uzman ekip.\",\"potentialAction\":[{\"@type\":\"SearchAction\",\"target\":{\"@type\":\"EntryPoint\",\"urlTemplate\":\"https:\/\/kazaliaracsatim.com.tr\/?s={search_term_string}\"},\"query-input\":{\"@type\":\"PropertyValueSpecification\",\"valueRequired\":true,\"valueName\":\"search_term_string\"}}],\"inLanguage\":\"de\"}]}<\/script>\n<!-- \/ Yoast SEO plugin. -->","yoast_head_json":{"title":"Pert, A\u011f\u0131r Hasarl\u0131 ve Kazal\u0131 Ara\u00e7 Al\u0131m Sat\u0131m","description":"Pert, a\u011f\u0131r hasarl\u0131, kazal\u0131 ve sa\u011flam ara\u00e7 al\u0131m sat\u0131m\u0131. Uzman ekspertiz, \u015feffaf fiyat ve g\u00fcvenli sat\u0131\u015f garantisiyle arac\u0131n\u0131z\u0131 h\u0131zl\u0131ca sat\u0131n veya sat\u0131n!","robots":{"index":"index","follow":"follow","max-snippet":"max-snippet:-1","max-image-preview":"max-image-preview:large","max-video-preview":"max-video-preview:-1"},"canonical":"https:\/\/kazaliaracsatim.com.tr\/de\/hakkimizda\/","og_locale":"de_DE","og_type":"article","og_title":"Pert, A\u011f\u0131r Hasarl\u0131 ve Kazal\u0131 Ara\u00e7 Al\u0131m Sat\u0131m","og_description":"Pert, a\u011f\u0131r hasarl\u0131, kazal\u0131 ve sa\u011flam ara\u00e7 al\u0131m sat\u0131m\u0131. Uzman ekspertiz, \u015feffaf fiyat ve g\u00fcvenli sat\u0131\u015f garantisiyle arac\u0131n\u0131z\u0131 h\u0131zl\u0131ca sat\u0131n veya sat\u0131n!","og_url":"https:\/\/kazaliaracsatim.com.tr\/de\/hakkimizda\/","og_site_name":"Pert &amp; Hasarl\u0131 Ara\u00e7 Al\u0131m Sat\u0131m Platformu","article_modified_time":"2025-09-09T19:01:09+00:00","og_image":[{"width":512,"height":512,"url":"https:\/\/kazaliaracsatim.com.tr\/wp-content\/uploads\/2025\/09\/cropped-Hasarli-Arac-Alim-Satim-favicon.png","type":"image\/png"}],"twitter_card":"summary_large_image","twitter_misc":{"Gesch\u00e4tzte Lesezeit":"3\u00a0Minuten"},"schema":{"@context":"https:\/\/schema.org","@graph":[{"@type":"WebPage","@id":"https:\/\/kazaliaracsatim.com.tr\/hakkimizda\/","url":"https:\/\/kazaliaracsatim.com.tr\/hakkimizda\/","name":"Pert, A\u011f\u0131r Hasarl\u0131 ve Kazal\u0131 Ara\u00e7 Al\u0131m Sat\u0131m","isPartOf":{"@id":"https:\/\/kazaliaracsatim.com.tr\/#website"},"primaryImageOfPage":{"@id":"https:\/\/kazaliaracsatim.com.tr\/hakkimizda\/#primaryimage"},"image":{"@id":"https:\/\/kazaliaracsatim.com.tr\/hakkimizda\/#primaryimage"},"thumbnailUrl":"https:\/\/kazaliaracsatim.com.tr\/wp-content\/uploads\/2025\/09\/cropped-Hasarli-Arac-Alim-Satim-favicon.png","datePublished":"2025-08-09T22:56:04+00:00","dateModified":"2025-09-09T19:01:09+00:00","description":"Pert, a\u011f\u0131r hasarl\u0131, kazal\u0131 ve sa\u011flam ara\u00e7 al\u0131m sat\u0131m\u0131. Uzman ekspertiz, \u015feffaf fiyat ve g\u00fcvenli sat\u0131\u015f garantisiyle arac\u0131n\u0131z\u0131 h\u0131zl\u0131ca sat\u0131n veya sat\u0131n!","breadcrumb":{"@id":"https:\/\/kazaliaracsatim.com.tr\/hakkimizda\/#breadcrumb"},"inLanguage":"de","potentialAction":[{"@type":"ReadAction","target":["https:\/\/kazaliaracsatim.com.tr\/hakkimizda\/"]}]},{"@type":"ImageObject","inLanguage":"de","@id":"https:\/\/kazaliaracsatim.com.tr\/hakkimizda\/#primaryimage","url":"https:\/\/kazaliaracsatim.com.tr\/wp-content\/uploads\/2025\/09\/cropped-Hasarli-Arac-Alim-Satim-favicon.png","contentUrl":"https:\/\/kazaliaracsatim.com.tr\/wp-content\/uploads\/2025\/09\/cropped-Hasarli-Arac-Alim-Satim-favicon.png","width":512,"height":512},{"@type":"BreadcrumbList","@id":"https:\/\/kazaliaracsatim.com.tr\/hakkimizda\/#breadcrumb","itemListElement":[{"@type":"ListItem","position":1,"name":"Anasayfa","item":"https:\/\/kazaliaracsatim.com.tr\/"},{"@type":"ListItem","position":2,"name":"Hakk\u0131m\u0131zda"}]},{"@type":"WebSite","@id":"https:\/\/kazaliaracsatim.com.tr\/#website","url":"https:\/\/kazaliaracsatim.com.tr\/","name":"Pert &amp; Hasarl\u0131 Ara\u00e7 Al\u0131m Sat\u0131m Platformu","description":"A\u011f\u0131r hasarl\u0131 ara\u00e7 al\u0131m sat\u0131m\u0131nda uzman ekip.","potentialAction":[{"@type":"SearchAction","target":{"@type":"EntryPoint","urlTemplate":"https:\/\/kazaliaracsatim.com.tr\/?s={search_term_string}"},"query-input":{"@type":"PropertyValueSpecification","valueRequired":true,"valueName":"search_term_string"}}],"inLanguage":"de"}]}},"_links":{"self":[{"href":"https:\/\/kazaliaracsatim.com.tr\/de\/wp-json\/wp\/v2\/pages\/431","targetHints":{"allow":["GET"]}}],"collection":[{"href":"https:\/\/kazaliaracsatim.com.tr\/de\/wp-json\/wp\/v2\/pages"}],"about":[{"href":"https:\/\/kazaliaracsatim.com.tr\/de\/wp-json\/wp\/v2\/types\/page"}],"author":[{"embeddable":true,"href":"https:\/\/kazaliaracsatim.com.tr\/de\/wp-json\/wp\/v2\/users\/1"}],"replies":[{"embeddable":true,"href":"https:\/\/kazaliaracsatim.com.tr\/de\/wp-json\/wp\/v2\/comments?post=431"}],"version-history":[{"count":11,"href":"https:\/\/kazaliaracsatim.com.tr\/de\/wp-json\/wp\/v2\/pages\/431\/revisions"}],"predecessor-version":[{"id":884,"href":"https:\/\/kazaliaracsatim.com.tr\/de\/wp-json\/wp\/v2\/pages\/431\/revisions\/884"}],"wp:featuredmedia":[{"embeddable":true,"href":"https:\/\/kazaliaracsatim.com.tr\/de\/wp-json\/wp\/v2\/media\/634"}],"wp:attachment":[{"href":"https:\/\/kazaliaracsatim.com.tr\/de\/wp-json\/wp\/v2\/media?parent=431"}],"curies":[{"name":"wp","href":"https:\/\/api.w.org\/{rel}","templated":true}]}}