{"id":435,"date":"2025-08-10T01:59:43","date_gmt":"2025-08-09T22:59:43","guid":{"rendered":"https:\/\/kazaliaracsatim.com.tr\/?page_id=435"},"modified":"2025-09-09T22:00:55","modified_gmt":"2025-09-09T19:00:55","slug":"gizlilik-ilkesi","status":"publish","type":"page","link":"https:\/\/kazaliaracsatim.com.tr\/de\/gizlilik-ilkesi\/","title":{"rendered":"Datenschutzrichtlinie"},"content":{"rendered":"<div data-elementor-type=\"wp-page\" data-elementor-id=\"435\" class=\"elementor elementor-435\">\n\t\t\t\t<div class=\"elementor-element elementor-element-7a4f1bc e-flex e-con-boxed elementor-invisible e-con e-parent\" data-id=\"7a4f1bc\" data-element_type=\"container\" data-settings=\"{&quot;jet_parallax_layout_list&quot;:[],&quot;animation&quot;:&quot;fadeInUp&quot;}\">\n\t\t\t\t\t<div class=\"e-con-inner\">\n\t\t\t\t<div class=\"elementor-element elementor-element-be022e4 elementor-widget elementor-widget-heading\" data-id=\"be022e4\" data-element_type=\"widget\" data-widget_type=\"heading.default\">\n\t\t\t\t\t<h2 class=\"elementor-heading-title elementor-size-default\">Datenschutzrichtlinie<\/h2>\t\t\t\t<\/div>\n\t\t\t\t<div class=\"elementor-element elementor-element-eeca750 elementor-widget elementor-widget-text-editor\" data-id=\"eeca750\" data-element_type=\"widget\" data-widget_type=\"text-editor.default\">\n\t\t\t\t\t\t\t\t\t<p>Bu Gizlilik Politikas\u0131, web sitemizi ziyaret eden kullan\u0131c\u0131lar\u0131n ki\u015fisel verilerinin toplanmas\u0131, kullan\u0131lmas\u0131, saklanmas\u0131 ve korunmas\u0131na ili\u015fkin esaslar\u0131 a\u00e7\u0131klar. Sitemizi kullanarak, bu politikada belirtilen \u015fartlar\u0131 kabul etmi\u015f olursunuz.<\/p><p><strong>1. Toplanan Bilgiler<\/strong><br \/>Web sitemiz arac\u0131l\u0131\u011f\u0131yla a\u015fa\u011f\u0131daki t\u00fcrde bilgiler toplanabilir:<\/p><p>Ad, soyad, e-posta adresi, telefon numaras\u0131 gibi ki\u015fisel bilgiler (form doldurdu\u011funuzda veya kay\u0131t oldu\u011funuzda)<\/p><p>IP adresi, taray\u0131c\u0131 t\u00fcr\u00fc, i\u015fletim sistemi bilgileri, ziyaret tarihi ve saati gibi teknik veriler<\/p><p>\u00c7erezler (cookies) ve benzeri teknolojiler arac\u0131l\u0131\u011f\u0131yla toplanan kullan\u0131m verileri<\/p><p><strong>2. Bilgilerin Kullan\u0131m Ama\u00e7lar\u0131<\/strong><br \/>Toplanan veriler, a\u015fa\u011f\u0131daki ama\u00e7larla kullan\u0131labilir:<\/p><p>Hizmetlerimizi sunmak, geli\u015ftirmek ve ki\u015fiselle\u015ftirmek<\/p><p>Talep ve sorular\u0131n\u0131za yan\u0131t vermek<\/p><p>Kullan\u0131c\u0131 deneyimini iyile\u015ftirmek<\/p><p>Yasal y\u00fck\u00fcml\u00fcl\u00fcklerimizi yerine getirmek<\/p><p>Pazarlama ve bilgilendirme \u00e7al\u0131\u015fmalar\u0131 yapmak (onay vermeniz halinde)<\/p><p><strong>3. \u00c7erezler (Cookies)<\/strong><br \/>Web sitemiz, kullan\u0131c\u0131 deneyimini geli\u015ftirmek i\u00e7in \u00e7erezler kullan\u0131r. Taray\u0131c\u0131 ayarlar\u0131n\u0131zdan \u00e7erezleri devre d\u0131\u015f\u0131 b\u0131rakabilir veya uyar\u0131 alabilirsiniz. Ancak \u00e7erezlerin kapat\u0131lmas\u0131, baz\u0131 site i\u015flevlerinin d\u00fczg\u00fcn \u00e7al\u0131\u015fmamas\u0131na neden olabilir.<\/p><p><strong>4. Bilgilerin Payla\u015f\u0131lmas\u0131<\/strong><br \/>Ki\u015fisel verileriniz;<\/p><p>Yasal zorunluluklar<\/p><p>Yasal mercilerin talepleri<\/p><p>Hizmet sunmak i\u00e7in i\u015f birli\u011fi yap\u0131lan g\u00fcvenilir \u00fc\u00e7\u00fcnc\u00fc taraflar (bar\u0131nd\u0131rma, \u00f6deme, lojistik vb.)<br \/>haricinde \u00fc\u00e7\u00fcnc\u00fc ki\u015filerle payla\u015f\u0131lmaz.<\/p><p><strong>5. Veri G\u00fcvenli\u011fi<\/strong><br \/>Ki\u015fisel verilerinizin g\u00fcvenli\u011fi i\u00e7in end\u00fcstri standartlar\u0131nda teknik ve idari \u00f6nlemler al\u0131nmaktad\u0131r. Ancak internet \u00fczerinden yap\u0131lan veri iletiminin tamamen g\u00fcvenli oldu\u011funu garanti etmek m\u00fcmk\u00fcn de\u011fildir.<\/p><p><strong>6. \u00dc\u00e7\u00fcnc\u00fc Taraf Ba\u011flant\u0131lar\u0131<\/strong><br \/>Web sitemiz, \u00fc\u00e7\u00fcnc\u00fc taraf web sitelerine ba\u011flant\u0131lar i\u00e7erebilir. Bu sitelerin gizlilik uygulamalar\u0131ndan sorumlu de\u011filiz.<\/p><p><strong>7. Haklar\u0131n\u0131z<\/strong><br \/>Ki\u015fisel verilerinizle ilgili olarak;<\/p><p>Eri\u015fim talep etme<\/p><p>D\u00fczeltme talep etme<\/p><p>Silme talep etme<\/p><p>\u0130\u015flemeyi k\u0131s\u0131tlama<\/p><p>Veri ta\u015f\u0131nabilirli\u011fi talep etme<br \/>haklar\u0131na sahipsiniz. Bu haklar\u0131n\u0131z\u0131 kullanmak i\u00e7in bizimle ileti\u015fime ge\u00e7ebilirsiniz.<\/p><p><strong>8. Politika De\u011fi\u015fiklikleri<\/strong><br \/>Bu Gizlilik Politikas\u0131 zaman zaman g\u00fcncellenebilir. De\u011fi\u015fiklikler, web sitemizde yay\u0131nland\u0131\u011f\u0131 tarihten itibaren ge\u00e7erli olur.<\/p>\t\t\t\t\t\t\t\t<\/div>\n\t\t\t\t\t<\/div>\n\t\t\t\t<\/div>\n\t\t\t\t<\/div>","protected":false},"excerpt":{"rendered":"<p>Gizlilik \u0130lkesi Bu Gizlilik Politikas\u0131, web sitemizi ziyaret eden kullan\u0131c\u0131lar\u0131n ki\u015fisel verilerinin toplanmas\u0131, kullan\u0131lmas\u0131, saklanmas\u0131 ve korunmas\u0131na ili\u015fkin esaslar\u0131 a\u00e7\u0131klar. Sitemizi kullanarak, bu politikada belirtilen \u015fartlar\u0131 kabul etmi\u015f olursunuz. 1. Toplanan Bilgiler Web sitemiz arac\u0131l\u0131\u011f\u0131yla a\u015fa\u011f\u0131daki t\u00fcrde bilgiler toplanabilir: Ad, soyad, e-posta adresi, telefon numaras\u0131 gibi ki\u015fisel bilgiler (form doldurdu\u011funuzda veya kay\u0131t oldu\u011funuzda) IP adresi, [&hellip;]<\/p>","protected":false},"author":1,"featured_media":634,"parent":0,"menu_order":0,"comment_status":"closed","ping_status":"closed","template":"elementor_header_footer","meta":{"_acf_changed":false,"footnotes":""},"class_list":["post-435","page","type-page","status-publish","has-post-thumbnail","hentry"],"acf":[],"yoast_head":"<!-- This site is optimized with the Yoast SEO plugin v25.6 - https:\/\/yoast.com\/wordpress\/plugins\/seo\/ -->\n<title>Pert, A\u011f\u0131r Hasarl\u0131 ve Kazal\u0131 Ara\u00e7 Al\u0131m Sat\u0131m<\/title>\n<meta name=\"description\" content=\"Pert, a\u011f\u0131r hasarl\u0131, kazal\u0131 ve sa\u011flam ara\u00e7 al\u0131m sat\u0131m\u0131. Uzman ekspertiz, \u015feffaf fiyat ve g\u00fcvenli sat\u0131\u015f garantisiyle arac\u0131n\u0131z\u0131 h\u0131zl\u0131ca sat\u0131n veya sat\u0131n!\" \/>\n<meta name=\"robots\" content=\"index, follow, max-snippet:-1, max-image-preview:large, max-video-preview:-1\" \/>\n<link rel=\"canonical\" href=\"https:\/\/kazaliaracsatim.com.tr\/de\/gizlilik-ilkesi\/\" \/>\n<meta property=\"og:locale\" content=\"de_DE\" \/>\n<meta property=\"og:type\" content=\"article\" \/>\n<meta property=\"og:title\" content=\"Pert, A\u011f\u0131r Hasarl\u0131 ve Kazal\u0131 Ara\u00e7 Al\u0131m Sat\u0131m\" \/>\n<meta property=\"og:description\" content=\"Pert, a\u011f\u0131r hasarl\u0131, kazal\u0131 ve sa\u011flam ara\u00e7 al\u0131m sat\u0131m\u0131. Uzman ekspertiz, \u015feffaf fiyat ve g\u00fcvenli sat\u0131\u015f garantisiyle arac\u0131n\u0131z\u0131 h\u0131zl\u0131ca sat\u0131n veya sat\u0131n!\" \/>\n<meta property=\"og:url\" content=\"https:\/\/kazaliaracsatim.com.tr\/de\/gizlilik-ilkesi\/\" \/>\n<meta property=\"og:site_name\" content=\"Pert &amp; Hasarl\u0131 Ara\u00e7 Al\u0131m Sat\u0131m Platformu\" \/>\n<meta property=\"article:modified_time\" content=\"2025-09-09T19:00:55+00:00\" \/>\n<meta property=\"og:image\" content=\"https:\/\/kazaliaracsatim.com.tr\/wp-content\/uploads\/2025\/09\/cropped-Hasarli-Arac-Alim-Satim-favicon.png\" \/>\n\t<meta property=\"og:image:width\" content=\"512\" \/>\n\t<meta property=\"og:image:height\" content=\"512\" \/>\n\t<meta property=\"og:image:type\" content=\"image\/png\" \/>\n<meta name=\"twitter:card\" content=\"summary_large_image\" \/>\n<meta name=\"twitter:label1\" content=\"Gesch\u00e4tzte Lesezeit\" \/>\n\t<meta name=\"twitter:data1\" content=\"2\u00a0Minuten\" \/>\n<script type=\"application\/ld+json\" class=\"yoast-schema-graph\">{\"@context\":\"https:\/\/schema.org\",\"@graph\":[{\"@type\":\"WebPage\",\"@id\":\"https:\/\/kazaliaracsatim.com.tr\/gizlilik-ilkesi\/\",\"url\":\"https:\/\/kazaliaracsatim.com.tr\/gizlilik-ilkesi\/\",\"name\":\"Pert, A\u011f\u0131r Hasarl\u0131 ve Kazal\u0131 Ara\u00e7 Al\u0131m Sat\u0131m\",\"isPartOf\":{\"@id\":\"https:\/\/kazaliaracsatim.com.tr\/#website\"},\"primaryImageOfPage\":{\"@id\":\"https:\/\/kazaliaracsatim.com.tr\/gizlilik-ilkesi\/#primaryimage\"},\"image\":{\"@id\":\"https:\/\/kazaliaracsatim.com.tr\/gizlilik-ilkesi\/#primaryimage\"},\"thumbnailUrl\":\"https:\/\/kazaliaracsatim.com.tr\/wp-content\/uploads\/2025\/09\/cropped-Hasarli-Arac-Alim-Satim-favicon.png\",\"datePublished\":\"2025-08-09T22:59:43+00:00\",\"dateModified\":\"2025-09-09T19:00:55+00:00\",\"description\":\"Pert, a\u011f\u0131r hasarl\u0131, kazal\u0131 ve sa\u011flam ara\u00e7 al\u0131m sat\u0131m\u0131. Uzman ekspertiz, \u015feffaf fiyat ve g\u00fcvenli sat\u0131\u015f garantisiyle arac\u0131n\u0131z\u0131 h\u0131zl\u0131ca sat\u0131n veya sat\u0131n!\",\"breadcrumb\":{\"@id\":\"https:\/\/kazaliaracsatim.com.tr\/gizlilik-ilkesi\/#breadcrumb\"},\"inLanguage\":\"de\",\"potentialAction\":[{\"@type\":\"ReadAction\",\"target\":[\"https:\/\/kazaliaracsatim.com.tr\/gizlilik-ilkesi\/\"]}]},{\"@type\":\"ImageObject\",\"inLanguage\":\"de\",\"@id\":\"https:\/\/kazaliaracsatim.com.tr\/gizlilik-ilkesi\/#primaryimage\",\"url\":\"https:\/\/kazaliaracsatim.com.tr\/wp-content\/uploads\/2025\/09\/cropped-Hasarli-Arac-Alim-Satim-favicon.png\",\"contentUrl\":\"https:\/\/kazaliaracsatim.com.tr\/wp-content\/uploads\/2025\/09\/cropped-Hasarli-Arac-Alim-Satim-favicon.png\",\"width\":512,\"height\":512},{\"@type\":\"BreadcrumbList\",\"@id\":\"https:\/\/kazaliaracsatim.com.tr\/gizlilik-ilkesi\/#breadcrumb\",\"itemListElement\":[{\"@type\":\"ListItem\",\"position\":1,\"name\":\"Anasayfa\",\"item\":\"https:\/\/kazaliaracsatim.com.tr\/\"},{\"@type\":\"ListItem\",\"position\":2,\"name\":\"Gizlilik \u0130lkesi\"}]},{\"@type\":\"WebSite\",\"@id\":\"https:\/\/kazaliaracsatim.com.tr\/#website\",\"url\":\"https:\/\/kazaliaracsatim.com.tr\/\",\"name\":\"Pert &amp; Hasarl\u0131 Ara\u00e7 Al\u0131m Sat\u0131m Platformu\",\"description\":\"A\u011f\u0131r hasarl\u0131 ara\u00e7 al\u0131m sat\u0131m\u0131nda uzman ekip.\",\"potentialAction\":[{\"@type\":\"SearchAction\",\"target\":{\"@type\":\"EntryPoint\",\"urlTemplate\":\"https:\/\/kazaliaracsatim.com.tr\/?s={search_term_string}\"},\"query-input\":{\"@type\":\"PropertyValueSpecification\",\"valueRequired\":true,\"valueName\":\"search_term_string\"}}],\"inLanguage\":\"de\"}]}<\/script>\n<!-- \/ Yoast SEO plugin. -->","yoast_head_json":{"title":"Pert, A\u011f\u0131r Hasarl\u0131 ve Kazal\u0131 Ara\u00e7 Al\u0131m Sat\u0131m","description":"Pert, a\u011f\u0131r hasarl\u0131, kazal\u0131 ve sa\u011flam ara\u00e7 al\u0131m sat\u0131m\u0131. Uzman ekspertiz, \u015feffaf fiyat ve g\u00fcvenli sat\u0131\u015f garantisiyle arac\u0131n\u0131z\u0131 h\u0131zl\u0131ca sat\u0131n veya sat\u0131n!","robots":{"index":"index","follow":"follow","max-snippet":"max-snippet:-1","max-image-preview":"max-image-preview:large","max-video-preview":"max-video-preview:-1"},"canonical":"https:\/\/kazaliaracsatim.com.tr\/de\/gizlilik-ilkesi\/","og_locale":"de_DE","og_type":"article","og_title":"Pert, A\u011f\u0131r Hasarl\u0131 ve Kazal\u0131 Ara\u00e7 Al\u0131m Sat\u0131m","og_description":"Pert, a\u011f\u0131r hasarl\u0131, kazal\u0131 ve sa\u011flam ara\u00e7 al\u0131m sat\u0131m\u0131. Uzman ekspertiz, \u015feffaf fiyat ve g\u00fcvenli sat\u0131\u015f garantisiyle arac\u0131n\u0131z\u0131 h\u0131zl\u0131ca sat\u0131n veya sat\u0131n!","og_url":"https:\/\/kazaliaracsatim.com.tr\/de\/gizlilik-ilkesi\/","og_site_name":"Pert &amp; Hasarl\u0131 Ara\u00e7 Al\u0131m Sat\u0131m Platformu","article_modified_time":"2025-09-09T19:00:55+00:00","og_image":[{"width":512,"height":512,"url":"https:\/\/kazaliaracsatim.com.tr\/wp-content\/uploads\/2025\/09\/cropped-Hasarli-Arac-Alim-Satim-favicon.png","type":"image\/png"}],"twitter_card":"summary_large_image","twitter_misc":{"Gesch\u00e4tzte Lesezeit":"2\u00a0Minuten"},"schema":{"@context":"https:\/\/schema.org","@graph":[{"@type":"WebPage","@id":"https:\/\/kazaliaracsatim.com.tr\/gizlilik-ilkesi\/","url":"https:\/\/kazaliaracsatim.com.tr\/gizlilik-ilkesi\/","name":"Pert, A\u011f\u0131r Hasarl\u0131 ve Kazal\u0131 Ara\u00e7 Al\u0131m Sat\u0131m","isPartOf":{"@id":"https:\/\/kazaliaracsatim.com.tr\/#website"},"primaryImageOfPage":{"@id":"https:\/\/kazaliaracsatim.com.tr\/gizlilik-ilkesi\/#primaryimage"},"image":{"@id":"https:\/\/kazaliaracsatim.com.tr\/gizlilik-ilkesi\/#primaryimage"},"thumbnailUrl":"https:\/\/kazaliaracsatim.com.tr\/wp-content\/uploads\/2025\/09\/cropped-Hasarli-Arac-Alim-Satim-favicon.png","datePublished":"2025-08-09T22:59:43+00:00","dateModified":"2025-09-09T19:00:55+00:00","description":"Pert, a\u011f\u0131r hasarl\u0131, kazal\u0131 ve sa\u011flam ara\u00e7 al\u0131m sat\u0131m\u0131. Uzman ekspertiz, \u015feffaf fiyat ve g\u00fcvenli sat\u0131\u015f garantisiyle arac\u0131n\u0131z\u0131 h\u0131zl\u0131ca sat\u0131n veya sat\u0131n!","breadcrumb":{"@id":"https:\/\/kazaliaracsatim.com.tr\/gizlilik-ilkesi\/#breadcrumb"},"inLanguage":"de","potentialAction":[{"@type":"ReadAction","target":["https:\/\/kazaliaracsatim.com.tr\/gizlilik-ilkesi\/"]}]},{"@type":"ImageObject","inLanguage":"de","@id":"https:\/\/kazaliaracsatim.com.tr\/gizlilik-ilkesi\/#primaryimage","url":"https:\/\/kazaliaracsatim.com.tr\/wp-content\/uploads\/2025\/09\/cropped-Hasarli-Arac-Alim-Satim-favicon.png","contentUrl":"https:\/\/kazaliaracsatim.com.tr\/wp-content\/uploads\/2025\/09\/cropped-Hasarli-Arac-Alim-Satim-favicon.png","width":512,"height":512},{"@type":"BreadcrumbList","@id":"https:\/\/kazaliaracsatim.com.tr\/gizlilik-ilkesi\/#breadcrumb","itemListElement":[{"@type":"ListItem","position":1,"name":"Anasayfa","item":"https:\/\/kazaliaracsatim.com.tr\/"},{"@type":"ListItem","position":2,"name":"Gizlilik \u0130lkesi"}]},{"@type":"WebSite","@id":"https:\/\/kazaliaracsatim.com.tr\/#website","url":"https:\/\/kazaliaracsatim.com.tr\/","name":"Pert &amp; Hasarl\u0131 Ara\u00e7 Al\u0131m Sat\u0131m Platformu","description":"A\u011f\u0131r hasarl\u0131 ara\u00e7 al\u0131m sat\u0131m\u0131nda uzman ekip.","potentialAction":[{"@type":"SearchAction","target":{"@type":"EntryPoint","urlTemplate":"https:\/\/kazaliaracsatim.com.tr\/?s={search_term_string}"},"query-input":{"@type":"PropertyValueSpecification","valueRequired":true,"valueName":"search_term_string"}}],"inLanguage":"de"}]}},"_links":{"self":[{"href":"https:\/\/kazaliaracsatim.com.tr\/de\/wp-json\/wp\/v2\/pages\/435","targetHints":{"allow":["GET"]}}],"collection":[{"href":"https:\/\/kazaliaracsatim.com.tr\/de\/wp-json\/wp\/v2\/pages"}],"about":[{"href":"https:\/\/kazaliaracsatim.com.tr\/de\/wp-json\/wp\/v2\/types\/page"}],"author":[{"embeddable":true,"href":"https:\/\/kazaliaracsatim.com.tr\/de\/wp-json\/wp\/v2\/users\/1"}],"replies":[{"embeddable":true,"href":"https:\/\/kazaliaracsatim.com.tr\/de\/wp-json\/wp\/v2\/comments?post=435"}],"version-history":[{"count":11,"href":"https:\/\/kazaliaracsatim.com.tr\/de\/wp-json\/wp\/v2\/pages\/435\/revisions"}],"predecessor-version":[{"id":885,"href":"https:\/\/kazaliaracsatim.com.tr\/de\/wp-json\/wp\/v2\/pages\/435\/revisions\/885"}],"wp:featuredmedia":[{"embeddable":true,"href":"https:\/\/kazaliaracsatim.com.tr\/de\/wp-json\/wp\/v2\/media\/634"}],"wp:attachment":[{"href":"https:\/\/kazaliaracsatim.com.tr\/de\/wp-json\/wp\/v2\/media?parent=435"}],"curies":[{"name":"wp","href":"https:\/\/api.w.org\/{rel}","templated":true}]}}