{"id":455,"date":"2025-08-10T02:12:52","date_gmt":"2025-08-09T23:12:52","guid":{"rendered":"https:\/\/kazaliaracsatim.com.tr\/?page_id=455"},"modified":"2025-09-09T22:01:42","modified_gmt":"2025-09-09T19:01:42","slug":"kisisel-verilerin-korunmasi-kanunu","status":"publish","type":"page","link":"https:\/\/kazaliaracsatim.com.tr\/ru\/kisisel-verilerin-korunmasi-kanunu\/","title":{"rendered":"Ki\u015fisel Verilerin Korunmas\u0131 Kanunu"},"content":{"rendered":"<div data-elementor-type=\"wp-page\" data-elementor-id=\"455\" class=\"elementor elementor-455\">\n\t\t\t\t<div class=\"elementor-element elementor-element-73032ef e-flex e-con-boxed elementor-invisible e-con e-parent\" data-id=\"73032ef\" data-element_type=\"container\" data-settings=\"{&quot;jet_parallax_layout_list&quot;:[],&quot;animation&quot;:&quot;fadeInUp&quot;}\">\n\t\t\t\t\t<div class=\"e-con-inner\">\n\t\t\t\t<div class=\"elementor-element elementor-element-a290b8c elementor-widget elementor-widget-heading\" data-id=\"a290b8c\" data-element_type=\"widget\" data-widget_type=\"heading.default\">\n\t\t\t\t\t<h2 class=\"elementor-heading-title elementor-size-default\">Ki\u015fisel Verilerin Korunmas\u0131 ve \u0130\u015flenmesi Politikas\u0131\n<\/h2>\t\t\t\t<\/div>\n\t\t\t\t<div class=\"elementor-element elementor-element-1f82239 elementor-widget elementor-widget-text-editor\" data-id=\"1f82239\" data-element_type=\"widget\" data-widget_type=\"text-editor.default\">\n\t\t\t\t\t\t\t\t\t<p>Bu politika, 6698 say\u0131l\u0131 Ki\u015fisel Verilerin Korunmas\u0131 Kanunu (KVKK) ve Avrupa Birli\u011fi Genel Veri Koruma T\u00fcz\u00fc\u011f\u00fc (GDPR) kapsam\u0131nda, web sitemizi kullanan ki\u015filerin (\u201cVeri Sahibi\u201d) ki\u015fisel verilerinin i\u015flenmesi, saklanmas\u0131 ve korunmas\u0131na ili\u015fkin esaslar\u0131 belirler.<\/p><p><strong>1. Veri Sorumlusu<\/strong><br \/>Bu web sitesinde toplanan ki\u015fisel verilerden, ilgili yasal mevzuat \u00e7er\u00e7evesinde veri sorumlusu s\u0131fat\u0131yla biz sorumluyuz. \u0130leti\u015fim i\u00e7in sitede yer alan kanallardan bize ula\u015fabilirsiniz.<\/p><p><strong>2. Toplanan Ki\u015fisel Veriler<\/strong><br \/>Kullan\u0131c\u0131dan do\u011frudan veya otomatik yollarla a\u015fa\u011f\u0131daki veriler toplanabilir:<\/p><p>Kimlik Bilgileri: Ad, soyad, kullan\u0131c\u0131 ad\u0131, do\u011fum tarihi<\/p><p>\u0130leti\u015fim Bilgileri: Telefon numaras\u0131, e-posta adresi, posta adresi<\/p><p>Teknik Bilgiler: IP adresi, taray\u0131c\u0131 t\u00fcr\u00fc, i\u015fletim sistemi, cihaz bilgileri<\/p><p>Kullan\u0131m Bilgileri: Site i\u00e7i gezinme, i\u015flem ge\u00e7mi\u015fi, t\u0131klama kay\u0131tlar\u0131<\/p><p>Finansal Bilgiler: \u00d6deme ve faturalama bilgileri (i\u015flem yap\u0131lmas\u0131 durumunda)<\/p><p>\u00c7erez Verileri: \u00c7erezler (cookies) arac\u0131l\u0131\u011f\u0131yla toplanan bilgiler<\/p><p><strong>3. Ki\u015fisel Verilerin \u0130\u015flenme Ama\u00e7lar\u0131<\/strong><br \/>Toplanan veriler a\u015fa\u011f\u0131daki ama\u00e7larla i\u015flenebilir:<\/p><p>Hizmetlerin sunulmas\u0131, geli\u015ftirilmesi ve ki\u015fiselle\u015ftirilmesi<\/p><p>\u00dcyelik ve i\u015flem s\u00fcre\u00e7lerinin y\u00fcr\u00fct\u00fclmesi<\/p><p>Taleplerin ve \u015fikayetlerin yan\u0131tlanmas\u0131<\/p><p>Yasal y\u00fck\u00fcml\u00fcl\u00fcklerin yerine getirilmesi<\/p><p>Kullan\u0131c\u0131 deneyiminin iyile\u015ftirilmesi<\/p><p>Pazarlama, kampanya ve bilgilendirme faaliyetleri (a\u00e7\u0131k r\u0131za ile)<\/p><p><strong>4. Hukuki Dayanaklar<\/strong><br \/>Ki\u015fisel verileriniz;<\/p><p>A\u00e7\u0131k r\u0131za<\/p><p>S\u00f6zle\u015fmenin ifas\u0131<\/p><p>Hukuki y\u00fck\u00fcml\u00fcl\u00fc\u011f\u00fcn yerine getirilmesi<\/p><p>Me\u015fru menfaat<br \/>hukuki sebeplerine dayan\u0131larak i\u015flenir.<\/p><p><strong>5. Veri Saklama S\u00fcresi<\/strong><br \/>Ki\u015fisel veriler, ilgili mevzuatta belirtilen s\u00fcreler boyunca veya i\u015fleme amac\u0131 ortadan kalkana kadar saklan\u0131r. S\u00fcre doldu\u011funda veriler g\u00fcvenli \u015fekilde silinir, yok edilir veya anonim hale getirilir.<\/p><p><strong>6. Ki\u015fisel Verilerin Payla\u015f\u0131lmas\u0131<\/strong><br \/>Ki\u015fisel verileriniz yaln\u0131zca;<\/p><p>Yasal zorunluluklar<\/p><p>Yetkili kamu kurum ve kurulu\u015flar\u0131n\u0131n talepleri<\/p><p>Hizmet sa\u011flay\u0131c\u0131 i\u015f ortaklar\u0131m\u0131z (bar\u0131nd\u0131rma, kargo, \u00f6deme vb.)<br \/>durumlar\u0131nda payla\u015f\u0131l\u0131r.<\/p><p>Veriler, \u00fc\u00e7\u00fcnc\u00fc ki\u015filerle ticari ama\u00e7la sat\u0131lmaz veya payla\u015f\u0131lmaz.<\/p><p><strong>7. Yurtd\u0131\u015f\u0131na Veri Aktar\u0131m\u0131<\/strong><br \/>Hizmetin gerektirdi\u011fi durumlarda verileriniz, KVKK ve GDPR \u015fartlar\u0131na uygun \u015fekilde yeterli koruma sa\u011flanan \u00fclkelere veya a\u00e7\u0131k r\u0131zan\u0131z al\u0131narak yurtd\u0131\u015f\u0131na aktar\u0131labilir.<\/p><p><strong>8. Veri G\u00fcvenli\u011fi<\/strong><br \/>Ki\u015fisel verilerinizin g\u00fcvenli\u011fi i\u00e7in;<\/p><p>Yetkisiz eri\u015fimi engelleyici teknik \u00f6nlemler (\u015fifreleme, g\u00fcvenlik duvar\u0131, SSL vb.)<\/p><p>Yetkilendirme ve eri\u015fim kontrol\u00fc<\/p><p>Personel gizlilik y\u00fck\u00fcml\u00fcl\u00fckleri<br \/>uygulanmaktad\u0131r.<\/p><p><strong>9. Veri Sahibinin Haklar\u0131<\/strong><br \/>KVKK Madde 11 ve GDPR Madde 15-22 kapsam\u0131nda veri sahipleri a\u015fa\u011f\u0131daki haklara sahiptir:<\/p><p>Ki\u015fisel verilerine eri\u015fim talebi<\/p><p>Verilerin d\u00fczeltilmesini isteme<\/p><p>Verilerin silinmesini veya yok edilmesini talep etme<\/p><p>\u0130\u015flemenin k\u0131s\u0131tlanmas\u0131n\u0131 talep etme<\/p><p>\u0130\u015flenen verilerin ta\u015f\u0131nabilirli\u011fini isteme<\/p><p>\u0130\u015flemeye itiraz etme<\/p><p>A\u00e7\u0131k r\u0131zay\u0131 geri \u00e7ekme<\/p><p>Bu haklar\u0131n\u0131z\u0131 kullanmak i\u00e7in web sitemizde belirtilen ileti\u015fim adresleri \u00fczerinden bizimle irtibata ge\u00e7ebilirsiniz.<\/p><p><strong>10. Politika De\u011fi\u015fiklikleri<\/strong><br \/>Bu politika zaman zaman g\u00fcncellenebilir. G\u00fcncellenmi\u015f s\u00fcr\u00fcm web sitemizde yay\u0131nland\u0131\u011f\u0131nda y\u00fcr\u00fcrl\u00fc\u011fe girer.<\/p>\t\t\t\t\t\t\t\t<\/div>\n\t\t\t\t\t<\/div>\n\t\t\t\t<\/div>\n\t\t\t\t<\/div>","protected":false},"excerpt":{"rendered":"<p>Ki\u015fisel Verilerin Korunmas\u0131 ve \u0130\u015flenmesi Politikas\u0131 Bu politika, 6698 say\u0131l\u0131 Ki\u015fisel Verilerin Korunmas\u0131 Kanunu (KVKK) ve Avrupa Birli\u011fi Genel Veri Koruma T\u00fcz\u00fc\u011f\u00fc (GDPR) kapsam\u0131nda, web sitemizi kullanan ki\u015filerin (\u201cVeri Sahibi\u201d) ki\u015fisel verilerinin i\u015flenmesi, saklanmas\u0131 ve korunmas\u0131na ili\u015fkin esaslar\u0131 belirler. 1. Veri Sorumlusu Bu web sitesinde toplanan ki\u015fisel verilerden, ilgili yasal mevzuat \u00e7er\u00e7evesinde veri sorumlusu s\u0131fat\u0131yla [&hellip;]<\/p>","protected":false},"author":1,"featured_media":634,"parent":0,"menu_order":0,"comment_status":"closed","ping_status":"closed","template":"elementor_header_footer","meta":{"_acf_changed":false,"footnotes":""},"class_list":["post-455","page","type-page","status-publish","has-post-thumbnail","hentry"],"acf":[],"yoast_head":"<!-- This site is optimized with the Yoast SEO plugin v25.6 - https:\/\/yoast.com\/wordpress\/plugins\/seo\/ -->\n<title>Pert, A\u011f\u0131r Hasarl\u0131 ve Kazal\u0131 Ara\u00e7 Al\u0131m Sat\u0131m<\/title>\n<meta name=\"description\" content=\"Pert, a\u011f\u0131r hasarl\u0131, kazal\u0131 ve sa\u011flam ara\u00e7 al\u0131m sat\u0131m\u0131. Uzman ekspertiz, \u015feffaf fiyat ve g\u00fcvenli sat\u0131\u015f garantisiyle arac\u0131n\u0131z\u0131 h\u0131zl\u0131ca sat\u0131n veya sat\u0131n!\" \/>\n<meta name=\"robots\" content=\"index, follow, max-snippet:-1, max-image-preview:large, max-video-preview:-1\" \/>\n<link rel=\"canonical\" href=\"https:\/\/kazaliaracsatim.com.tr\/ru\/kisisel-verilerin-korunmasi-kanunu\/\" \/>\n<meta property=\"og:locale\" content=\"ru_RU\" \/>\n<meta property=\"og:type\" content=\"article\" \/>\n<meta property=\"og:title\" content=\"Pert, A\u011f\u0131r Hasarl\u0131 ve Kazal\u0131 Ara\u00e7 Al\u0131m Sat\u0131m\" \/>\n<meta property=\"og:description\" content=\"Pert, a\u011f\u0131r hasarl\u0131, kazal\u0131 ve sa\u011flam ara\u00e7 al\u0131m sat\u0131m\u0131. Uzman ekspertiz, \u015feffaf fiyat ve g\u00fcvenli sat\u0131\u015f garantisiyle arac\u0131n\u0131z\u0131 h\u0131zl\u0131ca sat\u0131n veya sat\u0131n!\" \/>\n<meta property=\"og:url\" content=\"https:\/\/kazaliaracsatim.com.tr\/ru\/kisisel-verilerin-korunmasi-kanunu\/\" \/>\n<meta property=\"og:site_name\" content=\"Pert &amp; Hasarl\u0131 Ara\u00e7 Al\u0131m Sat\u0131m Platformu\" \/>\n<meta property=\"article:modified_time\" content=\"2025-09-09T19:01:42+00:00\" \/>\n<meta property=\"og:image\" content=\"https:\/\/kazaliaracsatim.com.tr\/wp-content\/uploads\/2025\/09\/cropped-Hasarli-Arac-Alim-Satim-favicon.png\" \/>\n\t<meta property=\"og:image:width\" content=\"512\" \/>\n\t<meta property=\"og:image:height\" content=\"512\" \/>\n\t<meta property=\"og:image:type\" content=\"image\/png\" \/>\n<meta name=\"twitter:card\" content=\"summary_large_image\" \/>\n<meta name=\"twitter:label1\" content=\"\u041f\u0440\u0438\u043c\u0435\u0440\u043d\u043e\u0435 \u0432\u0440\u0435\u043c\u044f \u0434\u043b\u044f \u0447\u0442\u0435\u043d\u0438\u044f\" \/>\n\t<meta name=\"twitter:data1\" content=\"3 \u043c\u0438\u043d\u0443\u0442\u044b\" \/>\n<script type=\"application\/ld+json\" class=\"yoast-schema-graph\">{\"@context\":\"https:\/\/schema.org\",\"@graph\":[{\"@type\":\"WebPage\",\"@id\":\"https:\/\/kazaliaracsatim.com.tr\/kisisel-verilerin-korunmasi-kanunu\/\",\"url\":\"https:\/\/kazaliaracsatim.com.tr\/kisisel-verilerin-korunmasi-kanunu\/\",\"name\":\"Pert, A\u011f\u0131r Hasarl\u0131 ve Kazal\u0131 Ara\u00e7 Al\u0131m Sat\u0131m\",\"isPartOf\":{\"@id\":\"https:\/\/kazaliaracsatim.com.tr\/#website\"},\"primaryImageOfPage\":{\"@id\":\"https:\/\/kazaliaracsatim.com.tr\/kisisel-verilerin-korunmasi-kanunu\/#primaryimage\"},\"image\":{\"@id\":\"https:\/\/kazaliaracsatim.com.tr\/kisisel-verilerin-korunmasi-kanunu\/#primaryimage\"},\"thumbnailUrl\":\"https:\/\/kazaliaracsatim.com.tr\/wp-content\/uploads\/2025\/09\/cropped-Hasarli-Arac-Alim-Satim-favicon.png\",\"datePublished\":\"2025-08-09T23:12:52+00:00\",\"dateModified\":\"2025-09-09T19:01:42+00:00\",\"description\":\"Pert, a\u011f\u0131r hasarl\u0131, kazal\u0131 ve sa\u011flam ara\u00e7 al\u0131m sat\u0131m\u0131. Uzman ekspertiz, \u015feffaf fiyat ve g\u00fcvenli sat\u0131\u015f garantisiyle arac\u0131n\u0131z\u0131 h\u0131zl\u0131ca sat\u0131n veya sat\u0131n!\",\"breadcrumb\":{\"@id\":\"https:\/\/kazaliaracsatim.com.tr\/kisisel-verilerin-korunmasi-kanunu\/#breadcrumb\"},\"inLanguage\":\"ru-RU\",\"potentialAction\":[{\"@type\":\"ReadAction\",\"target\":[\"https:\/\/kazaliaracsatim.com.tr\/kisisel-verilerin-korunmasi-kanunu\/\"]}]},{\"@type\":\"ImageObject\",\"inLanguage\":\"ru-RU\",\"@id\":\"https:\/\/kazaliaracsatim.com.tr\/kisisel-verilerin-korunmasi-kanunu\/#primaryimage\",\"url\":\"https:\/\/kazaliaracsatim.com.tr\/wp-content\/uploads\/2025\/09\/cropped-Hasarli-Arac-Alim-Satim-favicon.png\",\"contentUrl\":\"https:\/\/kazaliaracsatim.com.tr\/wp-content\/uploads\/2025\/09\/cropped-Hasarli-Arac-Alim-Satim-favicon.png\",\"width\":512,\"height\":512},{\"@type\":\"BreadcrumbList\",\"@id\":\"https:\/\/kazaliaracsatim.com.tr\/kisisel-verilerin-korunmasi-kanunu\/#breadcrumb\",\"itemListElement\":[{\"@type\":\"ListItem\",\"position\":1,\"name\":\"Anasayfa\",\"item\":\"https:\/\/kazaliaracsatim.com.tr\/\"},{\"@type\":\"ListItem\",\"position\":2,\"name\":\"Ki\u015fisel Verilerin Korunmas\u0131 Kanunu\"}]},{\"@type\":\"WebSite\",\"@id\":\"https:\/\/kazaliaracsatim.com.tr\/#website\",\"url\":\"https:\/\/kazaliaracsatim.com.tr\/\",\"name\":\"Pert &amp; Hasarl\u0131 Ara\u00e7 Al\u0131m Sat\u0131m Platformu\",\"description\":\"A\u011f\u0131r hasarl\u0131 ara\u00e7 al\u0131m sat\u0131m\u0131nda uzman ekip.\",\"potentialAction\":[{\"@type\":\"SearchAction\",\"target\":{\"@type\":\"EntryPoint\",\"urlTemplate\":\"https:\/\/kazaliaracsatim.com.tr\/?s={search_term_string}\"},\"query-input\":{\"@type\":\"PropertyValueSpecification\",\"valueRequired\":true,\"valueName\":\"search_term_string\"}}],\"inLanguage\":\"ru-RU\"}]}<\/script>\n<!-- \/ Yoast SEO plugin. -->","yoast_head_json":{"title":"Pert, A\u011f\u0131r Hasarl\u0131 ve Kazal\u0131 Ara\u00e7 Al\u0131m Sat\u0131m","description":"Pert, a\u011f\u0131r hasarl\u0131, kazal\u0131 ve sa\u011flam ara\u00e7 al\u0131m sat\u0131m\u0131. Uzman ekspertiz, \u015feffaf fiyat ve g\u00fcvenli sat\u0131\u015f garantisiyle arac\u0131n\u0131z\u0131 h\u0131zl\u0131ca sat\u0131n veya sat\u0131n!","robots":{"index":"index","follow":"follow","max-snippet":"max-snippet:-1","max-image-preview":"max-image-preview:large","max-video-preview":"max-video-preview:-1"},"canonical":"https:\/\/kazaliaracsatim.com.tr\/ru\/kisisel-verilerin-korunmasi-kanunu\/","og_locale":"ru_RU","og_type":"article","og_title":"Pert, A\u011f\u0131r Hasarl\u0131 ve Kazal\u0131 Ara\u00e7 Al\u0131m Sat\u0131m","og_description":"Pert, a\u011f\u0131r hasarl\u0131, kazal\u0131 ve sa\u011flam ara\u00e7 al\u0131m sat\u0131m\u0131. Uzman ekspertiz, \u015feffaf fiyat ve g\u00fcvenli sat\u0131\u015f garantisiyle arac\u0131n\u0131z\u0131 h\u0131zl\u0131ca sat\u0131n veya sat\u0131n!","og_url":"https:\/\/kazaliaracsatim.com.tr\/ru\/kisisel-verilerin-korunmasi-kanunu\/","og_site_name":"Pert &amp; Hasarl\u0131 Ara\u00e7 Al\u0131m Sat\u0131m Platformu","article_modified_time":"2025-09-09T19:01:42+00:00","og_image":[{"width":512,"height":512,"url":"https:\/\/kazaliaracsatim.com.tr\/wp-content\/uploads\/2025\/09\/cropped-Hasarli-Arac-Alim-Satim-favicon.png","type":"image\/png"}],"twitter_card":"summary_large_image","twitter_misc":{"\u041f\u0440\u0438\u043c\u0435\u0440\u043d\u043e\u0435 \u0432\u0440\u0435\u043c\u044f \u0434\u043b\u044f \u0447\u0442\u0435\u043d\u0438\u044f":"3 \u043c\u0438\u043d\u0443\u0442\u044b"},"schema":{"@context":"https:\/\/schema.org","@graph":[{"@type":"WebPage","@id":"https:\/\/kazaliaracsatim.com.tr\/kisisel-verilerin-korunmasi-kanunu\/","url":"https:\/\/kazaliaracsatim.com.tr\/kisisel-verilerin-korunmasi-kanunu\/","name":"Pert, A\u011f\u0131r Hasarl\u0131 ve Kazal\u0131 Ara\u00e7 Al\u0131m Sat\u0131m","isPartOf":{"@id":"https:\/\/kazaliaracsatim.com.tr\/#website"},"primaryImageOfPage":{"@id":"https:\/\/kazaliaracsatim.com.tr\/kisisel-verilerin-korunmasi-kanunu\/#primaryimage"},"image":{"@id":"https:\/\/kazaliaracsatim.com.tr\/kisisel-verilerin-korunmasi-kanunu\/#primaryimage"},"thumbnailUrl":"https:\/\/kazaliaracsatim.com.tr\/wp-content\/uploads\/2025\/09\/cropped-Hasarli-Arac-Alim-Satim-favicon.png","datePublished":"2025-08-09T23:12:52+00:00","dateModified":"2025-09-09T19:01:42+00:00","description":"Pert, a\u011f\u0131r hasarl\u0131, kazal\u0131 ve sa\u011flam ara\u00e7 al\u0131m sat\u0131m\u0131. Uzman ekspertiz, \u015feffaf fiyat ve g\u00fcvenli sat\u0131\u015f garantisiyle arac\u0131n\u0131z\u0131 h\u0131zl\u0131ca sat\u0131n veya sat\u0131n!","breadcrumb":{"@id":"https:\/\/kazaliaracsatim.com.tr\/kisisel-verilerin-korunmasi-kanunu\/#breadcrumb"},"inLanguage":"ru-RU","potentialAction":[{"@type":"ReadAction","target":["https:\/\/kazaliaracsatim.com.tr\/kisisel-verilerin-korunmasi-kanunu\/"]}]},{"@type":"ImageObject","inLanguage":"ru-RU","@id":"https:\/\/kazaliaracsatim.com.tr\/kisisel-verilerin-korunmasi-kanunu\/#primaryimage","url":"https:\/\/kazaliaracsatim.com.tr\/wp-content\/uploads\/2025\/09\/cropped-Hasarli-Arac-Alim-Satim-favicon.png","contentUrl":"https:\/\/kazaliaracsatim.com.tr\/wp-content\/uploads\/2025\/09\/cropped-Hasarli-Arac-Alim-Satim-favicon.png","width":512,"height":512},{"@type":"BreadcrumbList","@id":"https:\/\/kazaliaracsatim.com.tr\/kisisel-verilerin-korunmasi-kanunu\/#breadcrumb","itemListElement":[{"@type":"ListItem","position":1,"name":"Anasayfa","item":"https:\/\/kazaliaracsatim.com.tr\/"},{"@type":"ListItem","position":2,"name":"Ki\u015fisel Verilerin Korunmas\u0131 Kanunu"}]},{"@type":"WebSite","@id":"https:\/\/kazaliaracsatim.com.tr\/#website","url":"https:\/\/kazaliaracsatim.com.tr\/","name":"Pert &amp; Hasarl\u0131 Ara\u00e7 Al\u0131m Sat\u0131m Platformu","description":"A\u011f\u0131r hasarl\u0131 ara\u00e7 al\u0131m sat\u0131m\u0131nda uzman ekip.","potentialAction":[{"@type":"SearchAction","target":{"@type":"EntryPoint","urlTemplate":"https:\/\/kazaliaracsatim.com.tr\/?s={search_term_string}"},"query-input":{"@type":"PropertyValueSpecification","valueRequired":true,"valueName":"search_term_string"}}],"inLanguage":"ru-RU"}]}},"_links":{"self":[{"href":"https:\/\/kazaliaracsatim.com.tr\/ru\/wp-json\/wp\/v2\/pages\/455","targetHints":{"allow":["GET"]}}],"collection":[{"href":"https:\/\/kazaliaracsatim.com.tr\/ru\/wp-json\/wp\/v2\/pages"}],"about":[{"href":"https:\/\/kazaliaracsatim.com.tr\/ru\/wp-json\/wp\/v2\/types\/page"}],"author":[{"embeddable":true,"href":"https:\/\/kazaliaracsatim.com.tr\/ru\/wp-json\/wp\/v2\/users\/1"}],"replies":[{"embeddable":true,"href":"https:\/\/kazaliaracsatim.com.tr\/ru\/wp-json\/wp\/v2\/comments?post=455"}],"version-history":[{"count":11,"href":"https:\/\/kazaliaracsatim.com.tr\/ru\/wp-json\/wp\/v2\/pages\/455\/revisions"}],"predecessor-version":[{"id":880,"href":"https:\/\/kazaliaracsatim.com.tr\/ru\/wp-json\/wp\/v2\/pages\/455\/revisions\/880"}],"wp:featuredmedia":[{"embeddable":true,"href":"https:\/\/kazaliaracsatim.com.tr\/ru\/wp-json\/wp\/v2\/media\/634"}],"wp:attachment":[{"href":"https:\/\/kazaliaracsatim.com.tr\/ru\/wp-json\/wp\/v2\/media?parent=455"}],"curies":[{"name":"wp","href":"https:\/\/api.w.org\/{rel}","templated":true}]}}